{"id":18,"date":"2022-02-20T16:18:44","date_gmt":"2022-02-20T15:18:44","guid":{"rendered":"https:\/\/topsolabobnov.si\/?page_id=18"},"modified":"2023-05-22T08:39:50","modified_gmt":"2023-05-22T07:39:50","slug":"portofolio","status":"publish","type":"page","link":"https:\/\/topsolabobnov.si\/?page_id=18","title":{"rendered":"Programi"},"content":{"rendered":"\r\n<div class=\"wp-block-group\">\r\n<div class=\"wp-block-group__inner-container is-layout-flow wp-block-group-is-layout-flow\">\r\n<h2 class=\"has-neve-text-color-color has-text-color wp-block-heading\">Programi<\/h2>\r\n<\/div>\r\n<\/div>\r\n\r\n<p>&nbsp;<\/p>\r\n\r\n<div class=\"wp-block-cover alignfull has-nv-light-bg-background-color has-background-dim\" style=\"min-height: 600px;aspect-ratio:unset;\">\r\n<div class=\"wp-block-cover__inner-container is-layout-flow wp-block-cover-is-layout-flow\">\r\n<div class=\"wp-block-group\">\r\n<div class=\"wp-block-group__inner-container is-layout-flow wp-block-group-is-layout-flow\">\r\n<div class=\"wp-block-spacer\" style=\"height: 40px;\" aria-hidden=\"true\">\u00a0<\/div>\r\n\r\n\r\n\r\n<figure class=\"wp-block-image \"><img decoding=\"async\" class=\"aligncenter\" src=\"https:\/\/topsolabobnov.si\/wp-content\/themes\/neve\/assets\/img\/starter-content\/peter1.jpg\" alt=\"\" \/><\/figure>\r\n\r\n\r\n <br \/>\r\n<h3 class=\"has-text-align-center has-neve-text-color-color has-text-color wp-block-heading\">Bobnarski program<\/h3>\r\n\r\n\r\n\r\n<p class=\"has-text-align-center has-neve-text-color-color has-text-color\">Velika izbira programov za vsakogar. Pou\u010dujemo od popolnoma za\u010detni\u0161kih do najnaprednej\u0161ih bobnarskih tehnik. Celosten pristop do in\u0161trumenta, ki zjema igranje v skupini, na odru , snemanje , izbiro kompleta, open in \u010dinel. Med poukom se obravnava glasbena teorija s poudarkom na prakti\u010dni uporabi pri ustvarjanju in razumevanju.<\/p>\r\n\r\n\r\n\r\n<div class=\"wp-block-buttons aligncenter is-content-justification-center is-layout-flex wp-container-core-buttons-is-layout-16018d1d wp-block-buttons-is-layout-flex\">\r\n<div class=\"wp-block-button is-style-primary\"><a class=\"wp-block-button__link\" href=\"https:\/\/topsolabobnov.si\/?pagename=contact\">KONTAKT (za ve\u010d info)<\/a><\/div>\r\n<\/div>\r\n\r\n\r\n\r\n<div class=\"wp-block-spacer\" style=\"height: 40px;\" aria-hidden=\"true\">\u00a0<\/div>\r\n<\/div>\r\n<\/div>\r\n<\/div>\r\n<\/div>\r\n\r\n<p>&nbsp;<\/p>","protected":false},"excerpt":{"rendered":"<p>Programi &nbsp; &nbsp;<\/p>\n","protected":false},"author":2,"featured_media":0,"parent":0,"menu_order":0,"comment_status":"closed","ping_status":"closed","template":"","meta":{"neve_meta_sidebar":"","neve_meta_container":"","neve_meta_enable_content_width":"on","neve_meta_content_width":100,"neve_meta_title_alignment":"","neve_meta_author_avatar":"","neve_post_elements_order":"","neve_meta_disable_header":"","neve_meta_disable_footer":"","neve_meta_disable_title":"on","footnotes":""},"class_list":["post-18","page","type-page","status-publish","hentry"],"aioseo_notices":[],"_links":{"self":[{"href":"https:\/\/topsolabobnov.si\/index.php?rest_route=\/wp\/v2\/pages\/18","targetHints":{"allow":["GET"]}}],"collection":[{"href":"https:\/\/topsolabobnov.si\/index.php?rest_route=\/wp\/v2\/pages"}],"about":[{"href":"https:\/\/topsolabobnov.si\/index.php?rest_route=\/wp\/v2\/types\/page"}],"author":[{"embeddable":true,"href":"https:\/\/topsolabobnov.si\/index.php?rest_route=\/wp\/v2\/users\/2"}],"replies":[{"embeddable":true,"href":"https:\/\/topsolabobnov.si\/index.php?rest_route=%2Fwp%2Fv2%2Fcomments&post=18"}],"version-history":[{"count":61,"href":"https:\/\/topsolabobnov.si\/index.php?rest_route=\/wp\/v2\/pages\/18\/revisions"}],"predecessor-version":[{"id":755,"href":"https:\/\/topsolabobnov.si\/index.php?rest_route=\/wp\/v2\/pages\/18\/revisions\/755"}],"wp:attachment":[{"href":"https:\/\/topsolabobnov.si\/index.php?rest_route=%2Fwp%2Fv2%2Fmedia&parent=18"}],"curies":[{"name":"wp","href":"https:\/\/api.w.org\/{rel}","templated":true}]}}